{"id":2591,"date":"2021-08-10T11:12:19","date_gmt":"2021-08-10T11:12:19","guid":{"rendered":"https:\/\/aroucafilmfestival.com\/?page_id=2591"},"modified":"2022-02-24T15:04:27","modified_gmt":"2022-02-24T15:04:27","slug":"premios-2021","status":"publish","type":"page","link":"http:\/\/aroucafilmfestival.com\/en\/festival-2021\/premios-2021\/","title":{"rendered":"2021 Prizes"},"content":{"rendered":"<div data-elementor-type=\"wp-page\" data-elementor-id=\"2591\" class=\"elementor elementor-2591\">\n\t\t\t\t\t\t<section class=\"elementor-section elementor-top-section elementor-element elementor-element-f546314 elementor-section-boxed elementor-section-height-default elementor-section-height-default wpr-particle-no wpr-jarallax-no wpr-parallax-no wpr-sticky-section-no\" data-id=\"f546314\" data-element_type=\"section\" data-e-type=\"section\">\n\t\t\t\t\t\t<div class=\"elementor-container elementor-column-gap-default\">\n\t\t\t\t\t<div class=\"elementor-column elementor-col-100 elementor-top-column elementor-element elementor-element-56c50b5\" data-id=\"56c50b5\" data-element_type=\"column\" data-e-type=\"column\">\n\t\t\t<div class=\"elementor-widget-wrap elementor-element-populated\">\n\t\t\t\t\t\t<div class=\"elementor-element elementor-element-63ab678 elementor-widget elementor-widget-heading\" data-id=\"63ab678\" data-element_type=\"widget\" data-e-type=\"widget\" data-widget_type=\"heading.default\">\n\t\t\t\t\t<h1 class=\"elementor-heading-title elementor-size-default\">Pr\u00e9mios Edi\u00e7\u00e3o 19<\/h1>\t\t\t\t<\/div>\n\t\t\t\t<div class=\"elementor-element elementor-element-50c1c6a elementor-widget elementor-widget-text-editor\" data-id=\"50c1c6a\" data-element_type=\"widget\" data-e-type=\"widget\" data-widget_type=\"text-editor.default\">\n\t\t\t\t\t\t\t\t\t<p style=\"text-align: center;\">Soon<\/p><ul><li>Best Film of the Festival \u2013 \u201cGoldboard\u201d<\/li><li>Second Best Film of the Festival \u2013 \u201cSilver Plate\u201d<\/li><li>Best National Film (Portuguese)<\/li><li>Best Fiction Film<\/li><li>Best Documentary Film<\/li><li>Best Animated Film<\/li><li>Best Experimental Film<\/li><li>Best Movie Video Clip<\/li><li>Best Ethnographic Film<\/li><li>Melhor Realiza\u00e7\u00e3o<\/li><li>Best Argument<\/li><li>Best Photography<\/li><li>Melhor Montagem<\/li><li>Best Representation<\/li><li>Best Sound<\/li><li>Honorable Mention<\/li><li>Public Award\u00a0<\/li><\/ul><div title=\"Page 4\"><div><div><p>COVID FILM Competition \/ Shorts<\/p><ul><li>\u00a0Best National COVID Film<\/li><li>\u00a0Best COVID International Film<\/li><li>\u00a0Best COVID Movie Message<\/li><\/ul><\/div><\/div><\/div><p>FOREIGN FEATURE CINEMA Competitions<\/p><ul><li>Best Film<\/li><li>Best Argument<\/li><\/ul>\t\t\t\t\t\t\t\t<\/div>\n\t\t\t\t\t<\/div>\n\t\t<\/div>\n\t\t\t\t\t<\/div>\n\t\t<\/section>\n\t\t\t\t<\/div>","protected":false},"excerpt":{"rendered":"<p>Pr\u00e9mios Edi\u00e7\u00e3o 19 Brevemente Melhor Filme do Festival &#8211; \u201cLousa de Ouro\u201d Segundo Melhor Filme do Festival &#8211; \u201cLousa de Prata\u201d Melhor Filme Nacional (Portugu\u00eas) Melhor Filme de Fic\u00e7\u00e3o Melhor Filme Document\u00e1rio Melhor Filme de Anima\u00e7\u00e3o Melhor Filme Experimental Melhor Filme Videoclip Melhor Filme Etnogr\u00e1fico Melhor Realiza\u00e7\u00e3o Melhor Argumento Melhor Fotografia Melhor Montagem Melhor Representa\u00e7\u00e3o Melhor Som Men\u00e7\u00e3o Honrosa Pr\u00e9mio do Publico\u00a0 Competi\u00e7\u00e3o FILMES COVID \/ Curtas \u00a0Melhor Filme COVID Nacional \u00a0Melhor Filme COVID Internacional \u00a0Melhor Filme COVID Mensagem Competi\u00e7\u00e3o CINEMA LONGAS METRAGENS ESTRANGEIRAS Melhor Filme Melhor Argumento<\/p>","protected":false},"author":7,"featured_media":0,"parent":1092,"menu_order":0,"comment_status":"closed","ping_status":"closed","template":"elementor_header_footer","meta":{"zakra_page_container_layout":"centered","zakra_page_sidebar_layout":"no_sidebar","zakra_remove_content_margin":false,"zakra_sidebar":"customizer","zakra_transparent_header":"customizer","zakra_logo":0,"zakra_main_header_style":"default","zakra_menu_item_color":"","zakra_menu_item_hover_color":"","zakra_menu_item_active_color":"","zakra_menu_active_style":"","zakra_page_header":false,"footnotes":""},"class_list":["post-2591","page","type-page","status-publish","hentry"],"yoast_head":"<!-- This site is optimized with the Yoast SEO plugin v27.2 - https:\/\/yoast.com\/product\/yoast-seo-wordpress\/ -->\n<title>Pr\u00e9mios 2021 - Arouca Film Festival<\/title>\n<meta name=\"robots\" content=\"index, follow, max-snippet:-1, max-image-preview:large, max-video-preview:-1\" \/>\n<link rel=\"canonical\" href=\"https:\/\/aroucafilmfestival.com\/en\/festival-2021\/premios-2021\/\" \/>\n<meta property=\"og:locale\" content=\"en_GB\" \/>\n<meta property=\"og:type\" content=\"article\" \/>\n<meta property=\"og:title\" content=\"Pr\u00e9mios 2021 - Arouca Film Festival\" \/>\n<meta property=\"og:description\" content=\"Pr\u00e9mios Edi\u00e7\u00e3o 19 Brevemente Melhor Filme do Festival &#8211; \u201cLousa de Ouro\u201d Segundo Melhor Filme do Festival &#8211; \u201cLousa de Prata\u201d Melhor Filme Nacional (Portugu\u00eas) Melhor Filme de Fic\u00e7\u00e3o Melhor Filme Document\u00e1rio Melhor Filme de Anima\u00e7\u00e3o Melhor Filme Experimental Melhor Filme Videoclip Melhor Filme Etnogr\u00e1fico Melhor Realiza\u00e7\u00e3o Melhor Argumento Melhor Fotografia Melhor Montagem Melhor Representa\u00e7\u00e3o Melhor Som Men\u00e7\u00e3o Honrosa Pr\u00e9mio do Publico\u00a0 Competi\u00e7\u00e3o FILMES COVID \/ Curtas \u00a0Melhor Filme COVID Nacional \u00a0Melhor Filme COVID Internacional \u00a0Melhor Filme COVID Mensagem Competi\u00e7\u00e3o CINEMA LONGAS METRAGENS ESTRANGEIRAS Melhor Filme Melhor Argumento\" \/>\n<meta property=\"og:url\" content=\"https:\/\/aroucafilmfestival.com\/en\/festival-2021\/premios-2021\/\" \/>\n<meta property=\"og:site_name\" content=\"Arouca Film Festival\" \/>\n<meta property=\"article:publisher\" content=\"https:\/\/www.facebook.com\/aroucafilmfestival\" \/>\n<meta property=\"article:modified_time\" content=\"2022-02-24T15:04:27+00:00\" \/>\n<meta property=\"og:image\" content=\"https:\/\/aroucafilmfestival.com\/wp-content\/uploads\/2023\/04\/Banner-Inscricoes-2023_FACE-scaled.jpg\" \/>\n\t<meta property=\"og:image:width\" content=\"2560\" \/>\n\t<meta property=\"og:image:height\" content=\"1073\" \/>\n\t<meta property=\"og:image:type\" content=\"image\/jpeg\" \/>\n<meta name=\"twitter:card\" content=\"summary_large_image\" \/>\n<script type=\"application\/ld+json\" class=\"yoast-schema-graph\">{\"@context\":\"https:\/\/schema.org\",\"@graph\":[{\"@type\":\"WebPage\",\"@id\":\"https:\/\/aroucafilmfestival.com\/en\/festival-2021\/premios-2021\/\",\"url\":\"https:\/\/aroucafilmfestival.com\/en\/festival-2021\/premios-2021\/\",\"name\":\"Pr\u00e9mios 2021 - Arouca Film Festival\",\"isPartOf\":{\"@id\":\"https:\/\/aroucafilmfestival.com\/#website\"},\"datePublished\":\"2021-08-10T11:12:19+00:00\",\"dateModified\":\"2022-02-24T15:04:27+00:00\",\"breadcrumb\":{\"@id\":\"https:\/\/aroucafilmfestival.com\/en\/festival-2021\/premios-2021\/#breadcrumb\"},\"inLanguage\":\"en-GB\",\"potentialAction\":[{\"@type\":\"ReadAction\",\"target\":[\"https:\/\/aroucafilmfestival.com\/en\/festival-2021\/premios-2021\/\"]}]},{\"@type\":\"BreadcrumbList\",\"@id\":\"https:\/\/aroucafilmfestival.com\/en\/festival-2021\/premios-2021\/#breadcrumb\",\"itemListElement\":[{\"@type\":\"ListItem\",\"position\":1,\"name\":\"In\u00edcio\",\"item\":\"https:\/\/aroucafilmfestival.com\/\"},{\"@type\":\"ListItem\",\"position\":2,\"name\":\"Festival 2021\",\"item\":\"https:\/\/aroucafilmfestival.com\/en\/festival-2021\/\"},{\"@type\":\"ListItem\",\"position\":3,\"name\":\"Pr\u00e9mios 2021\"}]},{\"@type\":\"WebSite\",\"@id\":\"https:\/\/aroucafilmfestival.com\/#website\",\"url\":\"https:\/\/aroucafilmfestival.com\/\",\"name\":\"Arouca Film Festival\",\"description\":\"Portuguese Internacional Film Festival\",\"publisher\":{\"@id\":\"https:\/\/aroucafilmfestival.com\/#organization\"},\"potentialAction\":[{\"@type\":\"SearchAction\",\"target\":{\"@type\":\"EntryPoint\",\"urlTemplate\":\"https:\/\/aroucafilmfestival.com\/?s={search_term_string}\"},\"query-input\":{\"@type\":\"PropertyValueSpecification\",\"valueRequired\":true,\"valueName\":\"search_term_string\"}}],\"inLanguage\":\"en-GB\"},{\"@type\":\"Organization\",\"@id\":\"https:\/\/aroucafilmfestival.com\/#organization\",\"name\":\"Arouca Film Festival\",\"alternateName\":\"AFF\",\"url\":\"https:\/\/aroucafilmfestival.com\/\",\"logo\":{\"@type\":\"ImageObject\",\"inLanguage\":\"en-GB\",\"@id\":\"https:\/\/aroucafilmfestival.com\/#\/schema\/logo\/image\/\",\"url\":\"https:\/\/aroucafilmfestival.com\/wp-content\/uploads\/2021\/09\/TelaLIT_AFF_2021_3-scaled-e1631835841735.jpg\",\"contentUrl\":\"https:\/\/aroucafilmfestival.com\/wp-content\/uploads\/2021\/09\/TelaLIT_AFF_2021_3-scaled-e1631835841735.jpg\",\"width\":2560,\"height\":889,\"caption\":\"Arouca Film Festival\"},\"image\":{\"@id\":\"https:\/\/aroucafilmfestival.com\/#\/schema\/logo\/image\/\"},\"sameAs\":[\"https:\/\/www.facebook.com\/aroucafilmfestival\",\"https:\/\/www.instagram.com\/aroucafilmfestival_portugal\/\"]}]}<\/script>\n<!-- \/ Yoast SEO plugin. -->","yoast_head_json":{"title":"Pr\u00e9mios 2021 - Arouca Film Festival","robots":{"index":"index","follow":"follow","max-snippet":"max-snippet:-1","max-image-preview":"max-image-preview:large","max-video-preview":"max-video-preview:-1"},"canonical":"https:\/\/aroucafilmfestival.com\/en\/festival-2021\/premios-2021\/","og_locale":"en_GB","og_type":"article","og_title":"Pr\u00e9mios 2021 - Arouca Film Festival","og_description":"Pr\u00e9mios Edi\u00e7\u00e3o 19 Brevemente Melhor Filme do Festival &#8211; \u201cLousa de Ouro\u201d Segundo Melhor Filme do Festival &#8211; \u201cLousa de Prata\u201d Melhor Filme Nacional (Portugu\u00eas) Melhor Filme de Fic\u00e7\u00e3o Melhor Filme Document\u00e1rio Melhor Filme de Anima\u00e7\u00e3o Melhor Filme Experimental Melhor Filme Videoclip Melhor Filme Etnogr\u00e1fico Melhor Realiza\u00e7\u00e3o Melhor Argumento Melhor Fotografia Melhor Montagem Melhor Representa\u00e7\u00e3o Melhor Som Men\u00e7\u00e3o Honrosa Pr\u00e9mio do Publico\u00a0 Competi\u00e7\u00e3o FILMES COVID \/ Curtas \u00a0Melhor Filme COVID Nacional \u00a0Melhor Filme COVID Internacional \u00a0Melhor Filme COVID Mensagem Competi\u00e7\u00e3o CINEMA LONGAS METRAGENS ESTRANGEIRAS Melhor Filme Melhor Argumento","og_url":"https:\/\/aroucafilmfestival.com\/en\/festival-2021\/premios-2021\/","og_site_name":"Arouca Film Festival","article_publisher":"https:\/\/www.facebook.com\/aroucafilmfestival","article_modified_time":"2022-02-24T15:04:27+00:00","og_image":[{"width":2560,"height":1073,"url":"https:\/\/aroucafilmfestival.com\/wp-content\/uploads\/2023\/04\/Banner-Inscricoes-2023_FACE-scaled.jpg","type":"image\/jpeg"}],"twitter_card":"summary_large_image","schema":{"@context":"https:\/\/schema.org","@graph":[{"@type":"WebPage","@id":"https:\/\/aroucafilmfestival.com\/en\/festival-2021\/premios-2021\/","url":"https:\/\/aroucafilmfestival.com\/en\/festival-2021\/premios-2021\/","name":"Pr\u00e9mios 2021 - Arouca Film Festival","isPartOf":{"@id":"https:\/\/aroucafilmfestival.com\/#website"},"datePublished":"2021-08-10T11:12:19+00:00","dateModified":"2022-02-24T15:04:27+00:00","breadcrumb":{"@id":"https:\/\/aroucafilmfestival.com\/en\/festival-2021\/premios-2021\/#breadcrumb"},"inLanguage":"en-GB","potentialAction":[{"@type":"ReadAction","target":["https:\/\/aroucafilmfestival.com\/en\/festival-2021\/premios-2021\/"]}]},{"@type":"BreadcrumbList","@id":"https:\/\/aroucafilmfestival.com\/en\/festival-2021\/premios-2021\/#breadcrumb","itemListElement":[{"@type":"ListItem","position":1,"name":"In\u00edcio","item":"https:\/\/aroucafilmfestival.com\/"},{"@type":"ListItem","position":2,"name":"Festival 2021","item":"https:\/\/aroucafilmfestival.com\/en\/festival-2021\/"},{"@type":"ListItem","position":3,"name":"Pr\u00e9mios 2021"}]},{"@type":"WebSite","@id":"https:\/\/aroucafilmfestival.com\/#website","url":"https:\/\/aroucafilmfestival.com\/","name":"Arouca Film Festival","description":"Portuguese Internacional Film Festival","publisher":{"@id":"https:\/\/aroucafilmfestival.com\/#organization"},"potentialAction":[{"@type":"SearchAction","target":{"@type":"EntryPoint","urlTemplate":"https:\/\/aroucafilmfestival.com\/?s={search_term_string}"},"query-input":{"@type":"PropertyValueSpecification","valueRequired":true,"valueName":"search_term_string"}}],"inLanguage":"en-GB"},{"@type":"Organization","@id":"https:\/\/aroucafilmfestival.com\/#organization","name":"Arouca Film Festival","alternateName":"AFF","url":"https:\/\/aroucafilmfestival.com\/","logo":{"@type":"ImageObject","inLanguage":"en-GB","@id":"https:\/\/aroucafilmfestival.com\/#\/schema\/logo\/image\/","url":"https:\/\/aroucafilmfestival.com\/wp-content\/uploads\/2021\/09\/TelaLIT_AFF_2021_3-scaled-e1631835841735.jpg","contentUrl":"https:\/\/aroucafilmfestival.com\/wp-content\/uploads\/2021\/09\/TelaLIT_AFF_2021_3-scaled-e1631835841735.jpg","width":2560,"height":889,"caption":"Arouca Film Festival"},"image":{"@id":"https:\/\/aroucafilmfestival.com\/#\/schema\/logo\/image\/"},"sameAs":["https:\/\/www.facebook.com\/aroucafilmfestival","https:\/\/www.instagram.com\/aroucafilmfestival_portugal\/"]}]}},"_links":{"self":[{"href":"http:\/\/aroucafilmfestival.com\/en\/wp-json\/wp\/v2\/pages\/2591","targetHints":{"allow":["GET"]}}],"collection":[{"href":"http:\/\/aroucafilmfestival.com\/en\/wp-json\/wp\/v2\/pages"}],"about":[{"href":"http:\/\/aroucafilmfestival.com\/en\/wp-json\/wp\/v2\/types\/page"}],"author":[{"embeddable":true,"href":"http:\/\/aroucafilmfestival.com\/en\/wp-json\/wp\/v2\/users\/7"}],"replies":[{"embeddable":true,"href":"http:\/\/aroucafilmfestival.com\/en\/wp-json\/wp\/v2\/comments?post=2591"}],"version-history":[{"count":0,"href":"http:\/\/aroucafilmfestival.com\/en\/wp-json\/wp\/v2\/pages\/2591\/revisions"}],"up":[{"embeddable":true,"href":"http:\/\/aroucafilmfestival.com\/en\/wp-json\/wp\/v2\/pages\/1092"}],"wp:attachment":[{"href":"http:\/\/aroucafilmfestival.com\/en\/wp-json\/wp\/v2\/media?parent=2591"}],"curies":[{"name":"wp","href":"https:\/\/api.w.org\/{rel}","templated":true}]}}